{"id":240,"date":"2014-05-27T15:13:02","date_gmt":"2014-05-27T15:13:02","guid":{"rendered":"http:\/\/wpresidence.net\/?page_id=240"},"modified":"2014-05-27T15:13:02","modified_gmt":"2014-05-27T15:13:02","slug":"register","status":"publish","type":"page","link":"https:\/\/azurmauritius.com\/fr\/register\/","title":{"rendered":"Register"},"content":{"rendered":"<div class=\"wpb-content-wrapper\"><div class=\"vc_row wpb_row vc_row-fluid vc_row\"><div class=\"wpb_column vc_column_container vc_col-sm-6 vc_column\"><div class=\"vc_column-inner\"><div class=\"wpb_wrapper\"><div class=\"login_form wpestate_login_form_wrapper\">\n    <div class=\"login_register_div_title\">Connectez-vous \u00e0 votre compte<\/div>\n    <div class=\"loginalert login_register_message_area\" ><\/div>\n    <input type=\"text\" class=\"form-control wpestate_login_form_username\" name=\"log\"  placeholder=\"Nom d&#039;utilisateur\"\/>\n\n    <div class=\"password_holder\">\n        <input type=\"password\" class=\"form-control wpestate_login_form_password\" name=\"pwd\" placeholder=\"Mot de passe\"\/>\n        <i class=\"far fa-eye-slash show_hide_password\"><\/i>\n    <\/div>\n    <input type=\"hidden\" name=\"loginpop\" class=\"loginpop\" value=\"0\">\n    <input type=\"hidden\" class=\"wpestate_login_form_security\" name=\"security-login-topbar\" \n            value=\"8f10813ddf\">\n    <button class=\"wpresidence_button wpestate_login_submit_button\" >Connexion<\/button>\n        <input type=\"hidden\" class=\"wpestate_social_login_nonce\" value=\"35ba359c21\">\n\n    \n        \n\n    <div class=\"wpestate_social_login\" id=\"facebookloginsidebar_topbar\" data-social=\"facebook\"> Connectez-vous avec Facebook<\/div><div class=\"wpestate_social_login\"  id=\"googleloginsidebar_topbar\" data-social=\"google\">Connectez-vous avec Google<\/div><\/div>\n<div class=\"login_form wpestate_register_form_wrapper\" >\n\n\n\n    \n\n    <div class=\"login_register_div_title\">Cr\u00e9er un compte<\/div>\n    <div class=\"loginalert wpestate_register_message_area\"><\/div>\n    \n    <input type=\"text\" name=\"user_login_register\"  class=\"form-control wpestate_register_form_usenmame\" placeholder=\"Nom d&#039;utilisateur\"\/>\n    <input type=\"email\" name=\"user_email_register\" class=\"form-control wpestate_register_form_email\" placeholder=\"Adresse email\" \/>\n\n            <div class=\"password_holder\">\n            <input type=\"password\" name=\"user_password\"  class=\"form-control wpestate_register_form_password\" placeholder=\"Mot de passe\"\/>\n            <i class=\"far fa-eye-slash show_hide_password\"><\/i>\n        <\/div>\n        <div class=\"password_holder\">\n            <input type=\"password\" name=\"user_password_retype\"  class=\"form-control wpestate_register_form_password_retype\" placeholder=\"Retaper le mot de passe\"\/>\n            <i class=\"far fa-eye-slash show_hide_password\"><\/i>\n        <\/div>\n    \n    \n    <div class=\"wpestate_register_form_agree_terms_label_wrapper\">\n        <input type=\"checkbox\" name=\"terms\" id=\"user_terms_register_topbar_\" class=\"wpestate_register_form_agree_terms\" \/>\n        <label class=\"wpestate_register_form_agree_terms_label\" for=\"user_terms_register_topbar_\">\n            J&#039;accepte les <a href=\"https:\/\/azurmauritius.com\/fr\/terms-of-user\/\" target=\"_blank\" class=\"wpestate_register_form_agree_terms_link\">conditions g\u00e9n\u00e9rales du site<\/a>        <\/label>\n    <\/div>\n\n    \n    <input type=\"hidden\" class=\"wpestate_register_form_security\" name=\"security-register-topbar\" value=\"4098943f7e\">\n    <button class=\"wpresidence_button wpestate_register_submit_button\">S&#039;inscrire<\/button>\n\n    <\/div><div class=\"login_form wpestate_forgot_form_wrapper\">\n    <div class=\"login_register_div_title\">R\u00e9initialiser mot de passe<\/div>\n    <div class=\"loginalert login_register_message_area\" ><\/div>\n\n    <input type=\"email\" class=\"form-control wpestate_forgot_form_email\" name=\"forgot_email\" placeholder=\"Entrez votre adresse E-mail\" size=\"20\" \/>\n  \n    <input type=\"hidden\" id=\"security-forgot-topbar\" name=\"security-forgot-topbar\" value=\"8e22b6d631\" \/><input type=\"hidden\" name=\"_wp_http_referer\" value=\"\/fr\/wp-json\/wp\/v2\/pages\/240\" \/>\n\n    <input type=\"hidden\" class=\"wpestate_forgot_form_security\" name=\"security-login-topbar\" \n            value=\"382a6a6b56\">\n\n    \n    <input type=\"hidden\" class=\"wpestate_auth_postid\" value=\"240\">\n    <button class=\"wpresidence_button wpestate_forgot_password_submit_button\" name=\"forgot\">R\u00e9initialiser mot de passe<\/button>\n<\/div><div class=\"login_modal_control\">\n    <a href=\"#\" class=\"wpestate_login_form_switch_login\">Retour \u00e0 la connexion<\/a>\n    <a href=\"#\" class=\"wpestate_login_form_switch_register\">Inscrivez-vous ici !<\/a>\n    <a href=\"#\" class=\"wpestate_login_form_switch_forgot\">Mot de passe oubli\u00e9?<\/a>\n\n\n    <input type=\"hidden\" name=\"loginpop\" class=\"loginpop\" value=\"0\">\n<\/div><\/div><\/div><\/div><div class=\"wpb_column vc_column_container vc_col-sm-6 vc_column\"><div class=\"vc_column-inner\"><div class=\"wpb_wrapper\"><div class=\"login_form wpestate_login_form_wrapper\">\n    <div class=\"login_register_div_title\">Connectez-vous \u00e0 votre compte<\/div>\n    <div class=\"loginalert login_register_message_area\" ><\/div>\n    <input type=\"text\" class=\"form-control wpestate_login_form_username\" name=\"log\"  placeholder=\"Nom d&#039;utilisateur\"\/>\n\n    <div class=\"password_holder\">\n        <input type=\"password\" class=\"form-control wpestate_login_form_password\" name=\"pwd\" placeholder=\"Mot de passe\"\/>\n        <i class=\"far fa-eye-slash show_hide_password\"><\/i>\n    <\/div>\n    <input type=\"hidden\" name=\"loginpop\" class=\"loginpop\" value=\"0\">\n    <input type=\"hidden\" class=\"wpestate_login_form_security\" name=\"security-login-topbar\" \n            value=\"8f10813ddf\">\n    <button class=\"wpresidence_button wpestate_login_submit_button\" >Connexion<\/button>\n        <input type=\"hidden\" class=\"wpestate_social_login_nonce\" value=\"35ba359c21\">\n\n    \n        \n\n    <div class=\"wpestate_social_login\" id=\"facebookloginsidebar_topbar\" data-social=\"facebook\"> Connectez-vous avec Facebook<\/div><div class=\"wpestate_social_login\"  id=\"googleloginsidebar_topbar\" data-social=\"google\">Connectez-vous avec Google<\/div><\/div>\n<div class=\"login_form wpestate_register_form_wrapper\" >\n\n\n\n    \n\n    <div class=\"login_register_div_title\">Cr\u00e9er un compte<\/div>\n    <div class=\"loginalert wpestate_register_message_area\"><\/div>\n    \n    <input type=\"text\" name=\"user_login_register\"  class=\"form-control wpestate_register_form_usenmame\" placeholder=\"Nom d&#039;utilisateur\"\/>\n    <input type=\"email\" name=\"user_email_register\" class=\"form-control wpestate_register_form_email\" placeholder=\"Adresse email\" \/>\n\n            <div class=\"password_holder\">\n            <input type=\"password\" name=\"user_password\"  class=\"form-control wpestate_register_form_password\" placeholder=\"Mot de passe\"\/>\n            <i class=\"far fa-eye-slash show_hide_password\"><\/i>\n        <\/div>\n        <div class=\"password_holder\">\n            <input type=\"password\" name=\"user_password_retype\"  class=\"form-control wpestate_register_form_password_retype\" placeholder=\"Retaper le mot de passe\"\/>\n            <i class=\"far fa-eye-slash show_hide_password\"><\/i>\n        <\/div>\n    \n    \n    <div class=\"wpestate_register_form_agree_terms_label_wrapper\">\n        <input type=\"checkbox\" name=\"terms\" id=\"user_terms_register_topbar_\" class=\"wpestate_register_form_agree_terms\" \/>\n        <label class=\"wpestate_register_form_agree_terms_label\" for=\"user_terms_register_topbar_\">\n            J&#039;accepte les <a href=\"https:\/\/azurmauritius.com\/fr\/terms-of-user\/\" target=\"_blank\" class=\"wpestate_register_form_agree_terms_link\">conditions g\u00e9n\u00e9rales du site<\/a>        <\/label>\n    <\/div>\n\n    \n    <input type=\"hidden\" class=\"wpestate_register_form_security\" name=\"security-register-topbar\" value=\"4098943f7e\">\n    <button class=\"wpresidence_button wpestate_register_submit_button\">S&#039;inscrire<\/button>\n\n    <\/div><div class=\"login_form wpestate_forgot_form_wrapper\">\n    <div class=\"login_register_div_title\">R\u00e9initialiser mot de passe<\/div>\n    <div class=\"loginalert login_register_message_area\" ><\/div>\n\n    <input type=\"email\" class=\"form-control wpestate_forgot_form_email\" name=\"forgot_email\" placeholder=\"Entrez votre adresse E-mail\" size=\"20\" \/>\n  \n    <input type=\"hidden\" id=\"security-forgot-topbar\" name=\"security-forgot-topbar\" value=\"8e22b6d631\" \/><input type=\"hidden\" name=\"_wp_http_referer\" value=\"\/fr\/wp-json\/wp\/v2\/pages\/240\" \/>\n\n    <input type=\"hidden\" class=\"wpestate_forgot_form_security\" name=\"security-login-topbar\" \n            value=\"382a6a6b56\">\n\n    \n    <input type=\"hidden\" class=\"wpestate_auth_postid\" value=\"240\">\n    <button class=\"wpresidence_button wpestate_forgot_password_submit_button\" name=\"forgot\">R\u00e9initialiser mot de passe<\/button>\n<\/div><div class=\"login_modal_control\">\n    <a href=\"#\" class=\"wpestate_login_form_switch_login\">Retour \u00e0 la connexion<\/a>\n    <a href=\"#\" class=\"wpestate_login_form_switch_register\">Inscrivez-vous ici !<\/a>\n    <a href=\"#\" class=\"wpestate_login_form_switch_forgot\">Mot de passe oubli\u00e9?<\/a>\n\n\n    <input type=\"hidden\" name=\"loginpop\" class=\"loginpop\" value=\"0\">\n<\/div><\/div><\/div><\/div><\/div>\n<\/div>","protected":false},"excerpt":{"rendered":"Connectez-vous \u00e0 votre compte Connexion Connectez-vous avec FacebookConnectez-vous avec Google Cr\u00e9er un compte J&#039;accepte les conditions g\u00e9n\u00e9rales du site S&#039;inscrire R\u00e9initialiser mot de passe R\u00e9initialiser mot de passe Retour \u00e0 la connexion Inscrivez-vous ici ! Mot de passe oubli\u00e9? Connectez-vous \u00e0 votre compte Connexion Connectez-vous avec FacebookConnectez-vous avec Google Cr\u00e9er un compte J&#039;accepte les conditions g\u00e9n\u00e9rales du site S&#039;inscrire R\u00e9initialiser mot de passe R\u00e9initialiser ...","protected":false},"author":1,"featured_media":0,"parent":0,"menu_order":0,"comment_status":"closed","ping_status":"closed","template":"","meta":{"footnotes":""},"class_list":["post-240","page","type-page","status-publish","hentry"],"_links":{"self":[{"href":"https:\/\/azurmauritius.com\/fr\/wp-json\/wp\/v2\/pages\/240","targetHints":{"allow":["GET"]}}],"collection":[{"href":"https:\/\/azurmauritius.com\/fr\/wp-json\/wp\/v2\/pages"}],"about":[{"href":"https:\/\/azurmauritius.com\/fr\/wp-json\/wp\/v2\/types\/page"}],"author":[{"embeddable":true,"href":"https:\/\/azurmauritius.com\/fr\/wp-json\/wp\/v2\/users\/1"}],"replies":[{"embeddable":true,"href":"https:\/\/azurmauritius.com\/fr\/wp-json\/wp\/v2\/comments?post=240"}],"version-history":[{"count":0,"href":"https:\/\/azurmauritius.com\/fr\/wp-json\/wp\/v2\/pages\/240\/revisions"}],"wp:attachment":[{"href":"https:\/\/azurmauritius.com\/fr\/wp-json\/wp\/v2\/media?parent=240"}],"curies":[{"name":"wp","href":"https:\/\/api.w.org\/{rel}","templated":true}]}}